{"id":584,"date":"2025-03-25T22:53:07","date_gmt":"2025-03-25T21:53:07","guid":{"rendered":"https:\/\/tuzlanka.fmm.ba\/?page_id=584"},"modified":"2025-03-25T22:53:07","modified_gmt":"2025-03-25T21:53:07","slug":"usluge","status":"publish","type":"page","link":"https:\/\/tuzlanka.ba\/en\/usluge\/","title":{"rendered":"Services"},"content":{"rendered":"","protected":false},"excerpt":{"rendered":"","protected":false},"author":1,"featured_media":0,"parent":0,"menu_order":0,"comment_status":"closed","ping_status":"closed","template":"","meta":{"_acf_changed":false,"footnotes":""},"class_list":["post-584","page","type-page","status-publish","hentry"],"acf":[],"yoast_head":"<!-- This site is optimized with the Yoast SEO plugin v27.4 - https:\/\/yoast.com\/product\/yoast-seo-wordpress\/ -->\n<title>Usluge - RK &quot;Tuzlanka&quot; - Shopping i zabava<\/title>\n<meta name=\"robots\" content=\"index, follow, max-snippet:-1, max-image-preview:large, max-video-preview:-1\" \/>\n<link rel=\"canonical\" href=\"https:\/\/tuzlanka.ba\/en\/usluge\/\" \/>\n<meta property=\"og:locale\" content=\"en_US\" \/>\n<meta property=\"og:type\" content=\"article\" \/>\n<meta property=\"og:title\" content=\"Usluge - RK &quot;Tuzlanka&quot; - Shopping i zabava\" \/>\n<meta property=\"og:url\" content=\"https:\/\/tuzlanka.ba\/en\/usluge\/\" \/>\n<meta property=\"og:site_name\" content=\"RK &quot;Tuzlanka&quot; - Shopping i zabava\" \/>\n<meta property=\"article:publisher\" content=\"https:\/\/www.facebook.com\/RKTuzlanka\/\" \/>\n<meta property=\"og:image\" content=\"https:\/\/tuzlanka.ba\/wp-content\/uploads\/2025\/07\/aa.jpg\" \/>\n\t<meta property=\"og:image:width\" content=\"1200\" \/>\n\t<meta property=\"og:image:height\" content=\"675\" \/>\n\t<meta property=\"og:image:type\" content=\"image\/jpeg\" \/>\n<meta name=\"twitter:card\" content=\"summary_large_image\" \/>\n<meta name=\"twitter:site\" content=\"@RKTuzlanka\" \/>\n<script type=\"application\/ld+json\" class=\"yoast-schema-graph\">{\"@context\":\"https:\\\/\\\/schema.org\",\"@graph\":[{\"@type\":\"WebPage\",\"@id\":\"https:\\\/\\\/tuzlanka.ba\\\/usluge\\\/\",\"url\":\"https:\\\/\\\/tuzlanka.ba\\\/usluge\\\/\",\"name\":\"Usluge - RK &quot;Tuzlanka&quot; - Shopping i zabava\",\"isPartOf\":{\"@id\":\"https:\\\/\\\/tuzlanka.ba\\\/#website\"},\"datePublished\":\"2025-03-25T21:53:07+00:00\",\"breadcrumb\":{\"@id\":\"https:\\\/\\\/tuzlanka.ba\\\/usluge\\\/#breadcrumb\"},\"inLanguage\":\"en-US\",\"potentialAction\":[{\"@type\":\"ReadAction\",\"target\":[\"https:\\\/\\\/tuzlanka.ba\\\/usluge\\\/\"]}]},{\"@type\":\"BreadcrumbList\",\"@id\":\"https:\\\/\\\/tuzlanka.ba\\\/usluge\\\/#breadcrumb\",\"itemListElement\":[{\"@type\":\"ListItem\",\"position\":1,\"name\":\"Naslovna\",\"item\":\"https:\\\/\\\/tuzlanka.ba\\\/\"},{\"@type\":\"ListItem\",\"position\":2,\"name\":\"Usluge\"}]},{\"@type\":\"WebSite\",\"@id\":\"https:\\\/\\\/tuzlanka.ba\\\/#website\",\"url\":\"https:\\\/\\\/tuzlanka.ba\\\/\",\"name\":\"RK \\\"Tuzlanka\\\" - Shopping i zabava\",\"description\":\"Sa vi\u0161e od 70 objekata, od modnih brendova i lokalnih butika, do restorana, kafi\u0107a, apoteka i prostora za igru, Tuzlanka je mjesto koje spaja pro\u0161lost i sada\u0161njost, tradiciju i savremenost. Generacije dolaze s razli\u010ditim \u017eeljama, ali jednom istom potrebom: da budu dio ritma grada.\",\"publisher\":{\"@id\":\"https:\\\/\\\/tuzlanka.ba\\\/#organization\"},\"potentialAction\":[{\"@type\":\"SearchAction\",\"target\":{\"@type\":\"EntryPoint\",\"urlTemplate\":\"https:\\\/\\\/tuzlanka.ba\\\/?s={search_term_string}\"},\"query-input\":{\"@type\":\"PropertyValueSpecification\",\"valueRequired\":true,\"valueName\":\"search_term_string\"}}],\"inLanguage\":\"en-US\"},{\"@type\":\"Organization\",\"@id\":\"https:\\\/\\\/tuzlanka.ba\\\/#organization\",\"name\":\"RK \\\"Tuzlanka\\\" - Shopping i zabava\",\"url\":\"https:\\\/\\\/tuzlanka.ba\\\/\",\"logo\":{\"@type\":\"ImageObject\",\"inLanguage\":\"en-US\",\"@id\":\"https:\\\/\\\/tuzlanka.ba\\\/#\\\/schema\\\/logo\\\/image\\\/\",\"url\":\"https:\\\/\\\/tuzlanka.ba\\\/wp-content\\\/uploads\\\/2025\\\/02\\\/favicon.png\",\"contentUrl\":\"https:\\\/\\\/tuzlanka.ba\\\/wp-content\\\/uploads\\\/2025\\\/02\\\/favicon.png\",\"width\":512,\"height\":512,\"caption\":\"RK \\\"Tuzlanka\\\" - Shopping i zabava\"},\"image\":{\"@id\":\"https:\\\/\\\/tuzlanka.ba\\\/#\\\/schema\\\/logo\\\/image\\\/\"},\"sameAs\":[\"https:\\\/\\\/www.facebook.com\\\/RKTuzlanka\\\/\",\"https:\\\/\\\/x.com\\\/RKTuzlanka\",\"https:\\\/\\\/www.instagram.com\\\/rktuzlanka\\\/\",\"https:\\\/\\\/www.youtube.com\\\/channel\\\/UCT1d4au7b02zZ8WlIzGRbSw\"]}]}<\/script>\n<!-- \/ Yoast SEO plugin. -->","yoast_head_json":{"title":"Usluge - RK &quot;Tuzlanka&quot; - Shopping i zabava","robots":{"index":"index","follow":"follow","max-snippet":"max-snippet:-1","max-image-preview":"max-image-preview:large","max-video-preview":"max-video-preview:-1"},"canonical":"https:\/\/tuzlanka.ba\/en\/usluge\/","og_locale":"en_US","og_type":"article","og_title":"Usluge - RK &quot;Tuzlanka&quot; - Shopping i zabava","og_url":"https:\/\/tuzlanka.ba\/en\/usluge\/","og_site_name":"RK &quot;Tuzlanka&quot; - Shopping i zabava","article_publisher":"https:\/\/www.facebook.com\/RKTuzlanka\/","og_image":[{"width":1200,"height":675,"url":"https:\/\/tuzlanka.ba\/wp-content\/uploads\/2025\/07\/aa.jpg","type":"image\/jpeg"}],"twitter_card":"summary_large_image","twitter_site":"@RKTuzlanka","schema":{"@context":"https:\/\/schema.org","@graph":[{"@type":"WebPage","@id":"https:\/\/tuzlanka.ba\/usluge\/","url":"https:\/\/tuzlanka.ba\/usluge\/","name":"Usluge - RK &quot;Tuzlanka&quot; - Shopping i zabava","isPartOf":{"@id":"https:\/\/tuzlanka.ba\/#website"},"datePublished":"2025-03-25T21:53:07+00:00","breadcrumb":{"@id":"https:\/\/tuzlanka.ba\/usluge\/#breadcrumb"},"inLanguage":"en-US","potentialAction":[{"@type":"ReadAction","target":["https:\/\/tuzlanka.ba\/usluge\/"]}]},{"@type":"BreadcrumbList","@id":"https:\/\/tuzlanka.ba\/usluge\/#breadcrumb","itemListElement":[{"@type":"ListItem","position":1,"name":"Naslovna","item":"https:\/\/tuzlanka.ba\/"},{"@type":"ListItem","position":2,"name":"Usluge"}]},{"@type":"WebSite","@id":"https:\/\/tuzlanka.ba\/#website","url":"https:\/\/tuzlanka.ba\/","name":"RK &quot;Tuzlanka&quot; - Shopping and entertainment","description":"With more than 70 establishments, from fashion brands and local boutiques, to restaurants, cafes, pharmacies and play areas, Tuzlanka is a place that combines past and present, tradition and modernity. Generations come with different desires, but one common need: to be part of the rhythm of the city.","publisher":{"@id":"https:\/\/tuzlanka.ba\/#organization"},"potentialAction":[{"@type":"SearchAction","target":{"@type":"EntryPoint","urlTemplate":"https:\/\/tuzlanka.ba\/?s={search_term_string}"},"query-input":{"@type":"PropertyValueSpecification","valueRequired":true,"valueName":"search_term_string"}}],"inLanguage":"en-US"},{"@type":"Organization","@id":"https:\/\/tuzlanka.ba\/#organization","name":"RK &quot;Tuzlanka&quot; - Shopping and entertainment","url":"https:\/\/tuzlanka.ba\/","logo":{"@type":"ImageObject","inLanguage":"en-US","@id":"https:\/\/tuzlanka.ba\/#\/schema\/logo\/image\/","url":"https:\/\/tuzlanka.ba\/wp-content\/uploads\/2025\/02\/favicon.png","contentUrl":"https:\/\/tuzlanka.ba\/wp-content\/uploads\/2025\/02\/favicon.png","width":512,"height":512,"caption":"RK \"Tuzlanka\" - Shopping i zabava"},"image":{"@id":"https:\/\/tuzlanka.ba\/#\/schema\/logo\/image\/"},"sameAs":["https:\/\/www.facebook.com\/RKTuzlanka\/","https:\/\/x.com\/RKTuzlanka","https:\/\/www.instagram.com\/rktuzlanka\/","https:\/\/www.youtube.com\/channel\/UCT1d4au7b02zZ8WlIzGRbSw"]}]}},"_links":{"self":[{"href":"https:\/\/tuzlanka.ba\/en\/wp-json\/wp\/v2\/pages\/584","targetHints":{"allow":["GET"]}}],"collection":[{"href":"https:\/\/tuzlanka.ba\/en\/wp-json\/wp\/v2\/pages"}],"about":[{"href":"https:\/\/tuzlanka.ba\/en\/wp-json\/wp\/v2\/types\/page"}],"author":[{"embeddable":true,"href":"https:\/\/tuzlanka.ba\/en\/wp-json\/wp\/v2\/users\/1"}],"replies":[{"embeddable":true,"href":"https:\/\/tuzlanka.ba\/en\/wp-json\/wp\/v2\/comments?post=584"}],"version-history":[{"count":1,"href":"https:\/\/tuzlanka.ba\/en\/wp-json\/wp\/v2\/pages\/584\/revisions"}],"predecessor-version":[{"id":585,"href":"https:\/\/tuzlanka.ba\/en\/wp-json\/wp\/v2\/pages\/584\/revisions\/585"}],"wp:attachment":[{"href":"https:\/\/tuzlanka.ba\/en\/wp-json\/wp\/v2\/media?parent=584"}],"curies":[{"name":"wp","href":"https:\/\/api.w.org\/{rel}","templated":true}]}}