{"id":1378,"date":"2025-04-30T07:53:29","date_gmt":"2025-04-30T05:53:29","guid":{"rendered":"https:\/\/tuzlanka.fmm.ba\/?page_id=1378"},"modified":"2025-07-18T12:34:12","modified_gmt":"2025-07-18T10:34:12","slug":"mapa-centra","status":"publish","type":"page","link":"https:\/\/tuzlanka.ba\/en\/mapa-centra\/","title":{"rendered":"Center map"},"content":{"rendered":"<div data-elementor-type=\"wp-page\" data-elementor-id=\"1378\" class=\"elementor elementor-1378\" data-elementor-post-type=\"page\">\n\t\t\t\t<div class=\"elementor-element elementor-element-bc2a18d e-flex e-con-boxed e-con e-parent\" data-id=\"bc2a18d\" data-element_type=\"container\" data-e-type=\"container\" data-settings=\"{&quot;background_background&quot;:&quot;classic&quot;,&quot;jet_parallax_layout_list&quot;:[]}\">\n\t\t\t\t\t<div class=\"e-con-inner\">\n\t\t\t\t<div class=\"elementor-element elementor-element-c16df6c elementor-widget elementor-widget-n-accordion\" data-id=\"c16df6c\" data-element_type=\"widget\" data-e-type=\"widget\" data-settings=\"{&quot;default_state&quot;:&quot;all_collapsed&quot;,&quot;max_items_expended&quot;:&quot;one&quot;,&quot;n_accordion_animation_duration&quot;:{&quot;unit&quot;:&quot;ms&quot;,&quot;size&quot;:400,&quot;sizes&quot;:[]}}\" data-widget_type=\"nested-accordion.default\">\n\t\t\t\t<div class=\"elementor-widget-container\">\n\t\t\t\t\t\t\t<div class=\"e-n-accordion\" aria-label=\"Accordion. Open links with Enter or Space, close with Escape, and navigate with Arrow Keys\">\n\t\t\t\t\t\t<details id=\"e-n-accordion-item-2020\" class=\"e-n-accordion-item\" >\n\t\t\t\t<summary class=\"e-n-accordion-item-title\" data-accordion-index=\"1\" tabindex=\"0\" aria-expanded=\"false\" aria-controls=\"e-n-accordion-item-2020\" >\n\t\t\t\t\t<span class='e-n-accordion-item-title-header'><div class=\"e-n-accordion-item-title-text\"> Basement <\/div><\/span>\n\t\t\t\t\t\t\t<span class='e-n-accordion-item-title-icon'>\n\t\t\t<span class='e-opened' ><svg aria-hidden=\"true\" class=\"e-font-icon-svg e-fas-minus\" viewbox=\"0 0 448 512\" xmlns=\"http:\/\/www.w3.org\/2000\/svg\"><path d=\"M416 208H32c-17.67 0-32 14.33-32 32v32c0 17.67 14.33 32 32 32h384c17.67 0 32-14.33 32-32v-32c0-17.67-14.33-32-32-32z\"><\/path><\/svg><\/span>\n\t\t\t<span class='e-closed'><svg aria-hidden=\"true\" class=\"e-font-icon-svg e-fas-plus\" viewbox=\"0 0 448 512\" xmlns=\"http:\/\/www.w3.org\/2000\/svg\"><path d=\"M416 208H272V64c0-17.67-14.33-32-32-32h-32c-17.67 0-32 14.33-32 32v144H32c-17.67 0-32 14.33-32 32v32c0 17.67 14.33 32 32 32h144v144c0 17.67 14.33 32 32 32h32c17.67 0 32-14.33 32-32V304h144c17.67 0 32-14.33 32-32v-32c0-17.67-14.33-32-32-32z\"><\/path><\/svg><\/span>\n\t\t<\/span>\n\n\t\t\t\t\t\t<\/summary>\n\t\t\t\t<div role=\"region\" aria-labelledby=\"e-n-accordion-item-2020\" class=\"elementor-element elementor-element-ec81352 e-con-full e-flex e-con e-child\" data-id=\"ec81352\" data-element_type=\"container\" data-e-type=\"container\" data-settings=\"{&quot;jet_parallax_layout_list&quot;:[]}\">\n\t\t\t\t<div class=\"elementor-element elementor-element-ff82f10 elementor-widget elementor-widget-image\" data-id=\"ff82f10\" data-element_type=\"widget\" data-e-type=\"widget\" data-widget_type=\"image.default\">\n\t\t\t\t<div class=\"elementor-widget-container\">\n\t\t\t\t\t\t\t\t\t\t\t\t\t\t\t<img decoding=\"async\" src=\"https:\/\/tuzlanka.ba\/wp-content\/uploads\/elementor\/thumbs\/SUTEREN-izmjene-scaled-e1752834495771-r8xpnvcurv63uift8y7506cs4vjlkxkr1xtnxbe274.png\" title=\"BASEMENT changes\" alt=\"SUTEREN izmjene\" loading=\"lazy\" \/>\t\t\t\t\t\t\t\t\t\t\t\t\t\t\t<\/div>\n\t\t\t\t<\/div>\n\t\t\t\t<\/div>\n\t\t\t\t\t<\/details>\n\t\t\t\t\t\t<details id=\"e-n-accordion-item-2021\" class=\"e-n-accordion-item\" >\n\t\t\t\t<summary class=\"e-n-accordion-item-title\" data-accordion-index=\"2\" tabindex=\"-1\" aria-expanded=\"false\" aria-controls=\"e-n-accordion-item-2021\" >\n\t\t\t\t\t<span class='e-n-accordion-item-title-header'><div class=\"e-n-accordion-item-title-text\"> Ground floor <\/div><\/span>\n\t\t\t\t\t\t\t<span class='e-n-accordion-item-title-icon'>\n\t\t\t<span class='e-opened' ><svg aria-hidden=\"true\" class=\"e-font-icon-svg e-fas-minus\" viewbox=\"0 0 448 512\" xmlns=\"http:\/\/www.w3.org\/2000\/svg\"><path d=\"M416 208H32c-17.67 0-32 14.33-32 32v32c0 17.67 14.33 32 32 32h384c17.67 0 32-14.33 32-32v-32c0-17.67-14.33-32-32-32z\"><\/path><\/svg><\/span>\n\t\t\t<span class='e-closed'><svg aria-hidden=\"true\" class=\"e-font-icon-svg e-fas-plus\" viewbox=\"0 0 448 512\" xmlns=\"http:\/\/www.w3.org\/2000\/svg\"><path d=\"M416 208H272V64c0-17.67-14.33-32-32-32h-32c-17.67 0-32 14.33-32 32v144H32c-17.67 0-32 14.33-32 32v32c0 17.67 14.33 32 32 32h144v144c0 17.67 14.33 32 32 32h32c17.67 0 32-14.33 32-32V304h144c17.67 0 32-14.33 32-32v-32c0-17.67-14.33-32-32-32z\"><\/path><\/svg><\/span>\n\t\t<\/span>\n\n\t\t\t\t\t\t<\/summary>\n\t\t\t\t<div role=\"region\" aria-labelledby=\"e-n-accordion-item-2021\" class=\"elementor-element elementor-element-73578be e-con-full e-flex e-con e-child\" data-id=\"73578be\" data-element_type=\"container\" data-e-type=\"container\" data-settings=\"{&quot;jet_parallax_layout_list&quot;:[]}\">\n\t\t\t\t<div class=\"elementor-element elementor-element-81ccb3f elementor-widget elementor-widget-image\" data-id=\"81ccb3f\" data-element_type=\"widget\" data-e-type=\"widget\" data-widget_type=\"image.default\">\n\t\t\t\t<div class=\"elementor-widget-container\">\n\t\t\t\t\t\t\t\t\t\t\t\t\t\t\t<img decoding=\"async\" src=\"https:\/\/tuzlanka.ba\/wp-content\/uploads\/elementor\/thumbs\/PRIZEMLJE-izmjene-scaled-r8xpk08oirg6s4i5vge8igxkv2e4nxy1rt2tef4jmo.png\" title=\"GROUND FLOOR changes\" alt=\"PRIZEMLJE izmjene\" loading=\"lazy\" \/>\t\t\t\t\t\t\t\t\t\t\t\t\t\t\t<\/div>\n\t\t\t\t<\/div>\n\t\t\t\t<\/div>\n\t\t\t\t\t<\/details>\n\t\t\t\t\t\t<details id=\"e-n-accordion-item-2022\" class=\"e-n-accordion-item\" >\n\t\t\t\t<summary class=\"e-n-accordion-item-title\" data-accordion-index=\"3\" tabindex=\"-1\" aria-expanded=\"false\" aria-controls=\"e-n-accordion-item-2022\" >\n\t\t\t\t\t<span class='e-n-accordion-item-title-header'><div class=\"e-n-accordion-item-title-text\"> First floor <\/div><\/span>\n\t\t\t\t\t\t\t<span class='e-n-accordion-item-title-icon'>\n\t\t\t<span class='e-opened' ><svg aria-hidden=\"true\" class=\"e-font-icon-svg e-fas-minus\" viewbox=\"0 0 448 512\" xmlns=\"http:\/\/www.w3.org\/2000\/svg\"><path d=\"M416 208H32c-17.67 0-32 14.33-32 32v32c0 17.67 14.33 32 32 32h384c17.67 0 32-14.33 32-32v-32c0-17.67-14.33-32-32-32z\"><\/path><\/svg><\/span>\n\t\t\t<span class='e-closed'><svg aria-hidden=\"true\" class=\"e-font-icon-svg e-fas-plus\" viewbox=\"0 0 448 512\" xmlns=\"http:\/\/www.w3.org\/2000\/svg\"><path d=\"M416 208H272V64c0-17.67-14.33-32-32-32h-32c-17.67 0-32 14.33-32 32v144H32c-17.67 0-32 14.33-32 32v32c0 17.67 14.33 32 32 32h144v144c0 17.67 14.33 32 32 32h32c17.67 0 32-14.33 32-32V304h144c17.67 0 32-14.33 32-32v-32c0-17.67-14.33-32-32-32z\"><\/path><\/svg><\/span>\n\t\t<\/span>\n\n\t\t\t\t\t\t<\/summary>\n\t\t\t\t<div role=\"region\" aria-labelledby=\"e-n-accordion-item-2022\" class=\"elementor-element elementor-element-e521359 e-con-full e-flex e-con e-child\" data-id=\"e521359\" data-element_type=\"container\" data-e-type=\"container\" data-settings=\"{&quot;jet_parallax_layout_list&quot;:[]}\">\n\t\t\t\t<div class=\"elementor-element elementor-element-1388023 elementor-widget elementor-widget-image\" data-id=\"1388023\" data-element_type=\"widget\" data-e-type=\"widget\" data-widget_type=\"image.default\">\n\t\t\t\t<div class=\"elementor-widget-container\">\n\t\t\t\t\t\t\t\t\t\t\t\t\t\t\t<img decoding=\"async\" src=\"https:\/\/tuzlanka.ba\/wp-content\/uploads\/elementor\/thumbs\/I-sprat-scaled-r8xptoyrqvq26ux9mqdav1jx7cxya1h6bfeoypunq8.png\" title=\"First floor\" alt=\"I sprat\" loading=\"lazy\" \/>\t\t\t\t\t\t\t\t\t\t\t\t\t\t\t<\/div>\n\t\t\t\t<\/div>\n\t\t\t\t<\/div>\n\t\t\t\t\t<\/details>\n\t\t\t\t\t\t<details id=\"e-n-accordion-item-2023\" class=\"e-n-accordion-item\" >\n\t\t\t\t<summary class=\"e-n-accordion-item-title\" data-accordion-index=\"4\" tabindex=\"-1\" aria-expanded=\"false\" aria-controls=\"e-n-accordion-item-2023\" >\n\t\t\t\t\t<span class='e-n-accordion-item-title-header'><div class=\"e-n-accordion-item-title-text\"> 2nd floor <\/div><\/span>\n\t\t\t\t\t\t\t<span class='e-n-accordion-item-title-icon'>\n\t\t\t<span class='e-opened' ><svg aria-hidden=\"true\" class=\"e-font-icon-svg e-fas-minus\" viewbox=\"0 0 448 512\" xmlns=\"http:\/\/www.w3.org\/2000\/svg\"><path d=\"M416 208H32c-17.67 0-32 14.33-32 32v32c0 17.67 14.33 32 32 32h384c17.67 0 32-14.33 32-32v-32c0-17.67-14.33-32-32-32z\"><\/path><\/svg><\/span>\n\t\t\t<span class='e-closed'><svg aria-hidden=\"true\" class=\"e-font-icon-svg e-fas-plus\" viewbox=\"0 0 448 512\" xmlns=\"http:\/\/www.w3.org\/2000\/svg\"><path d=\"M416 208H272V64c0-17.67-14.33-32-32-32h-32c-17.67 0-32 14.33-32 32v144H32c-17.67 0-32 14.33-32 32v32c0 17.67 14.33 32 32 32h144v144c0 17.67 14.33 32 32 32h32c17.67 0 32-14.33 32-32V304h144c17.67 0 32-14.33 32-32v-32c0-17.67-14.33-32-32-32z\"><\/path><\/svg><\/span>\n\t\t<\/span>\n\n\t\t\t\t\t\t<\/summary>\n\t\t\t\t<div role=\"region\" aria-labelledby=\"e-n-accordion-item-2023\" class=\"elementor-element elementor-element-9aaf712 e-con-full e-flex e-con e-child\" data-id=\"9aaf712\" data-element_type=\"container\" data-e-type=\"container\" data-settings=\"{&quot;jet_parallax_layout_list&quot;:[]}\">\n\t\t\t\t<div class=\"elementor-element elementor-element-8b7f6df elementor-widget elementor-widget-image\" data-id=\"8b7f6df\" data-element_type=\"widget\" data-e-type=\"widget\" data-widget_type=\"image.default\">\n\t\t\t\t<div class=\"elementor-widget-container\">\n\t\t\t\t\t\t\t\t\t\t\t\t\t\t\t<img decoding=\"async\" src=\"https:\/\/tuzlanka.ba\/wp-content\/uploads\/elementor\/thumbs\/II-sprat-scaled-r8xpjyd31wnbzh8gytep8j00muf5ade85i7dp1nb4w.png\" title=\"2nd floor\" alt=\"II sprat\" loading=\"lazy\" \/>\t\t\t\t\t\t\t\t\t\t\t\t\t\t\t<\/div>\n\t\t\t\t<\/div>\n\t\t\t\t<\/div>\n\t\t\t\t\t<\/details>\n\t\t\t\t\t\t<details id=\"e-n-accordion-item-2024\" class=\"e-n-accordion-item\" >\n\t\t\t\t<summary class=\"e-n-accordion-item-title\" data-accordion-index=\"5\" tabindex=\"-1\" aria-expanded=\"false\" aria-controls=\"e-n-accordion-item-2024\" >\n\t\t\t\t\t<span class='e-n-accordion-item-title-header'><div class=\"e-n-accordion-item-title-text\"> 3rd floor <\/div><\/span>\n\t\t\t\t\t\t\t<span class='e-n-accordion-item-title-icon'>\n\t\t\t<span class='e-opened' ><svg aria-hidden=\"true\" class=\"e-font-icon-svg e-fas-minus\" viewbox=\"0 0 448 512\" xmlns=\"http:\/\/www.w3.org\/2000\/svg\"><path d=\"M416 208H32c-17.67 0-32 14.33-32 32v32c0 17.67 14.33 32 32 32h384c17.67 0 32-14.33 32-32v-32c0-17.67-14.33-32-32-32z\"><\/path><\/svg><\/span>\n\t\t\t<span class='e-closed'><svg aria-hidden=\"true\" class=\"e-font-icon-svg e-fas-plus\" viewbox=\"0 0 448 512\" xmlns=\"http:\/\/www.w3.org\/2000\/svg\"><path d=\"M416 208H272V64c0-17.67-14.33-32-32-32h-32c-17.67 0-32 14.33-32 32v144H32c-17.67 0-32 14.33-32 32v32c0 17.67 14.33 32 32 32h144v144c0 17.67 14.33 32 32 32h32c17.67 0 32-14.33 32-32V304h144c17.67 0 32-14.33 32-32v-32c0-17.67-14.33-32-32-32z\"><\/path><\/svg><\/span>\n\t\t<\/span>\n\n\t\t\t\t\t\t<\/summary>\n\t\t\t\t<div role=\"region\" aria-labelledby=\"e-n-accordion-item-2024\" class=\"elementor-element elementor-element-f8efe47 e-con-full e-flex e-con e-child\" data-id=\"f8efe47\" data-element_type=\"container\" data-e-type=\"container\" data-settings=\"{&quot;jet_parallax_layout_list&quot;:[]}\">\n\t\t\t\t<div class=\"elementor-element elementor-element-edbe678 elementor-widget elementor-widget-image\" data-id=\"edbe678\" data-element_type=\"widget\" data-e-type=\"widget\" data-widget_type=\"image.default\">\n\t\t\t\t<div class=\"elementor-widget-container\">\n\t\t\t\t\t\t\t\t\t\t\t\t\t\t\t<img decoding=\"async\" src=\"https:\/\/tuzlanka.ba\/wp-content\/uploads\/elementor\/thumbs\/III-SPRAT-r8xpjzawvl1uyny9sh5pqbuz16kaab4li54nxsf8o0.png\" title=\"3RD FLOOR\" alt=\"III SPRAT\" loading=\"lazy\" \/>\t\t\t\t\t\t\t\t\t\t\t\t\t\t\t<\/div>\n\t\t\t\t<\/div>\n\t\t\t\t<\/div>\n\t\t\t\t\t<\/details>\n\t\t\t\t\t\t<details id=\"e-n-accordion-item-2025\" class=\"e-n-accordion-item\" >\n\t\t\t\t<summary class=\"e-n-accordion-item-title\" data-accordion-index=\"6\" tabindex=\"-1\" aria-expanded=\"false\" aria-controls=\"e-n-accordion-item-2025\" >\n\t\t\t\t\t<span class='e-n-accordion-item-title-header'><div class=\"e-n-accordion-item-title-text\"> 4th floor <\/div><\/span>\n\t\t\t\t\t\t\t<span class='e-n-accordion-item-title-icon'>\n\t\t\t<span class='e-opened' ><svg aria-hidden=\"true\" class=\"e-font-icon-svg e-fas-minus\" viewbox=\"0 0 448 512\" xmlns=\"http:\/\/www.w3.org\/2000\/svg\"><path d=\"M416 208H32c-17.67 0-32 14.33-32 32v32c0 17.67 14.33 32 32 32h384c17.67 0 32-14.33 32-32v-32c0-17.67-14.33-32-32-32z\"><\/path><\/svg><\/span>\n\t\t\t<span class='e-closed'><svg aria-hidden=\"true\" class=\"e-font-icon-svg e-fas-plus\" viewbox=\"0 0 448 512\" xmlns=\"http:\/\/www.w3.org\/2000\/svg\"><path d=\"M416 208H272V64c0-17.67-14.33-32-32-32h-32c-17.67 0-32 14.33-32 32v144H32c-17.67 0-32 14.33-32 32v32c0 17.67 14.33 32 32 32h144v144c0 17.67 14.33 32 32 32h32c17.67 0 32-14.33 32-32V304h144c17.67 0 32-14.33 32-32v-32c0-17.67-14.33-32-32-32z\"><\/path><\/svg><\/span>\n\t\t<\/span>\n\n\t\t\t\t\t\t<\/summary>\n\t\t\t\t<div role=\"region\" aria-labelledby=\"e-n-accordion-item-2025\" class=\"elementor-element elementor-element-fde2f58 e-con-full e-flex e-con e-child\" data-id=\"fde2f58\" data-element_type=\"container\" data-e-type=\"container\" data-settings=\"{&quot;jet_parallax_layout_list&quot;:[]}\">\n\t\t\t\t<div class=\"elementor-element elementor-element-0f6bb7e elementor-widget elementor-widget-image\" data-id=\"0f6bb7e\" data-element_type=\"widget\" data-e-type=\"widget\" data-widget_type=\"image.default\">\n\t\t\t\t<div class=\"elementor-widget-container\">\n\t\t\t\t\t\t\t\t\t\t\t\t\t\t\t<img decoding=\"async\" src=\"https:\/\/tuzlanka.ba\/wp-content\/uploads\/elementor\/thumbs\/IV-SPRAT-r8xpk08r2f35a9wwmzkcatmfmkfni08bu9s5f2duhs.png\" title=\"4TH FLOOR\" alt=\"IV SPRAT\" loading=\"lazy\" \/>\t\t\t\t\t\t\t\t\t\t\t\t\t\t\t<\/div>\n\t\t\t\t<\/div>\n\t\t\t\t<\/div>\n\t\t\t\t\t<\/details>\n\t\t\t\t\t<\/div>\n\t\t\t\t\t\t<\/div>\n\t\t\t\t<\/div>\n\t\t\t\t\t<\/div>\n\t\t\t\t<\/div>\n\t\t\t\t<\/div>","protected":false},"excerpt":{"rendered":"<p>Basement Ground floor 1st floor 2nd floor 3rd floor 4th floor<\/p>","protected":false},"author":1,"featured_media":0,"parent":0,"menu_order":0,"comment_status":"closed","ping_status":"closed","template":"","meta":{"_acf_changed":false,"footnotes":""},"class_list":["post-1378","page","type-page","status-publish","hentry"],"acf":[],"yoast_head":"<!-- This site is optimized with the Yoast SEO plugin v27.5 - https:\/\/yoast.com\/product\/yoast-seo-wordpress\/ -->\n<title>Mapa centra - RK &quot;Tuzlanka&quot; - Shopping i zabava<\/title>\n<meta name=\"robots\" content=\"index, follow, max-snippet:-1, max-image-preview:large, max-video-preview:-1\" \/>\n<link rel=\"canonical\" href=\"https:\/\/tuzlanka.ba\/en\/mapa-centra\/\" \/>\n<meta property=\"og:locale\" content=\"en_US\" \/>\n<meta property=\"og:type\" content=\"article\" \/>\n<meta property=\"og:title\" content=\"Mapa centra - RK &quot;Tuzlanka&quot; - Shopping i zabava\" \/>\n<meta property=\"og:description\" content=\"Suteren Prizemlje I sprat II sprat III sprat IV sprat\" \/>\n<meta property=\"og:url\" content=\"https:\/\/tuzlanka.ba\/en\/mapa-centra\/\" \/>\n<meta property=\"og:site_name\" content=\"RK &quot;Tuzlanka&quot; - Shopping i zabava\" \/>\n<meta property=\"article:publisher\" content=\"https:\/\/www.facebook.com\/RKTuzlanka\/\" \/>\n<meta property=\"article:modified_time\" content=\"2025-07-18T10:34:12+00:00\" \/>\n<meta property=\"og:image\" content=\"https:\/\/tuzlanka.ba\/wp-content\/uploads\/elementor\/thumbs\/SUTEREN-izmjene-scaled-e1752834495771-r8xpnvcurv63uift8y7506cs4vjlkxkr1xtnmll340.png\" \/>\n<meta name=\"twitter:card\" content=\"summary_large_image\" \/>\n<meta name=\"twitter:site\" content=\"@RKTuzlanka\" \/>\n<meta name=\"twitter:label1\" content=\"Est. reading time\" \/>\n\t<meta name=\"twitter:data1\" content=\"3 minutes\" \/>\n<script type=\"application\/ld+json\" class=\"yoast-schema-graph\">{\"@context\":\"https:\\\/\\\/schema.org\",\"@graph\":[{\"@type\":\"WebPage\",\"@id\":\"https:\\\/\\\/tuzlanka.ba\\\/mapa-centra\\\/\",\"url\":\"https:\\\/\\\/tuzlanka.ba\\\/mapa-centra\\\/\",\"name\":\"Mapa centra - RK &quot;Tuzlanka&quot; - Shopping i zabava\",\"isPartOf\":{\"@id\":\"https:\\\/\\\/tuzlanka.ba\\\/#website\"},\"primaryImageOfPage\":{\"@id\":\"https:\\\/\\\/tuzlanka.ba\\\/mapa-centra\\\/#primaryimage\"},\"image\":{\"@id\":\"https:\\\/\\\/tuzlanka.ba\\\/mapa-centra\\\/#primaryimage\"},\"thumbnailUrl\":\"https:\\\/\\\/tuzlanka.ba\\\/wp-content\\\/uploads\\\/elementor\\\/thumbs\\\/SUTEREN-izmjene-scaled-e1752834495771-r8xpnvcurv63uift8y7506cs4vjlkxkr1xtnmll340.png\",\"datePublished\":\"2025-04-30T05:53:29+00:00\",\"dateModified\":\"2025-07-18T10:34:12+00:00\",\"breadcrumb\":{\"@id\":\"https:\\\/\\\/tuzlanka.ba\\\/mapa-centra\\\/#breadcrumb\"},\"inLanguage\":\"en-US\",\"potentialAction\":[{\"@type\":\"ReadAction\",\"target\":[\"https:\\\/\\\/tuzlanka.ba\\\/mapa-centra\\\/\"]}]},{\"@type\":\"ImageObject\",\"inLanguage\":\"en-US\",\"@id\":\"https:\\\/\\\/tuzlanka.ba\\\/mapa-centra\\\/#primaryimage\",\"url\":\"https:\\\/\\\/tuzlanka.ba\\\/wp-content\\\/uploads\\\/elementor\\\/thumbs\\\/SUTEREN-izmjene-scaled-e1752834495771-r8xpnvcurv63uift8y7506cs4vjlkxkr1xtnmll340.png\",\"contentUrl\":\"https:\\\/\\\/tuzlanka.ba\\\/wp-content\\\/uploads\\\/elementor\\\/thumbs\\\/SUTEREN-izmjene-scaled-e1752834495771-r8xpnvcurv63uift8y7506cs4vjlkxkr1xtnmll340.png\"},{\"@type\":\"BreadcrumbList\",\"@id\":\"https:\\\/\\\/tuzlanka.ba\\\/mapa-centra\\\/#breadcrumb\",\"itemListElement\":[{\"@type\":\"ListItem\",\"position\":1,\"name\":\"Naslovna\",\"item\":\"https:\\\/\\\/tuzlanka.ba\\\/\"},{\"@type\":\"ListItem\",\"position\":2,\"name\":\"Mapa centra\"}]},{\"@type\":\"WebSite\",\"@id\":\"https:\\\/\\\/tuzlanka.ba\\\/#website\",\"url\":\"https:\\\/\\\/tuzlanka.ba\\\/\",\"name\":\"RK \\\"Tuzlanka\\\" - Shopping i zabava\",\"description\":\"Sa vi\u0161e od 70 objekata, od modnih brendova i lokalnih butika, do restorana, kafi\u0107a, apoteka i prostora za igru, Tuzlanka je mjesto koje spaja pro\u0161lost i sada\u0161njost, tradiciju i savremenost. Generacije dolaze s razli\u010ditim \u017eeljama, ali jednom istom potrebom: da budu dio ritma grada.\",\"publisher\":{\"@id\":\"https:\\\/\\\/tuzlanka.ba\\\/#organization\"},\"potentialAction\":[{\"@type\":\"SearchAction\",\"target\":{\"@type\":\"EntryPoint\",\"urlTemplate\":\"https:\\\/\\\/tuzlanka.ba\\\/?s={search_term_string}\"},\"query-input\":{\"@type\":\"PropertyValueSpecification\",\"valueRequired\":true,\"valueName\":\"search_term_string\"}}],\"inLanguage\":\"en-US\"},{\"@type\":\"Organization\",\"@id\":\"https:\\\/\\\/tuzlanka.ba\\\/#organization\",\"name\":\"RK \\\"Tuzlanka\\\" - Shopping i zabava\",\"url\":\"https:\\\/\\\/tuzlanka.ba\\\/\",\"logo\":{\"@type\":\"ImageObject\",\"inLanguage\":\"en-US\",\"@id\":\"https:\\\/\\\/tuzlanka.ba\\\/#\\\/schema\\\/logo\\\/image\\\/\",\"url\":\"https:\\\/\\\/tuzlanka.ba\\\/wp-content\\\/uploads\\\/2025\\\/02\\\/favicon.png\",\"contentUrl\":\"https:\\\/\\\/tuzlanka.ba\\\/wp-content\\\/uploads\\\/2025\\\/02\\\/favicon.png\",\"width\":512,\"height\":512,\"caption\":\"RK \\\"Tuzlanka\\\" - Shopping i zabava\"},\"image\":{\"@id\":\"https:\\\/\\\/tuzlanka.ba\\\/#\\\/schema\\\/logo\\\/image\\\/\"},\"sameAs\":[\"https:\\\/\\\/www.facebook.com\\\/RKTuzlanka\\\/\",\"https:\\\/\\\/x.com\\\/RKTuzlanka\",\"https:\\\/\\\/www.instagram.com\\\/rktuzlanka\\\/\",\"https:\\\/\\\/www.youtube.com\\\/channel\\\/UCT1d4au7b02zZ8WlIzGRbSw\"]}]}<\/script>\n<!-- \/ Yoast SEO plugin. -->","yoast_head_json":{"title":"Map of the center - RK &quot;Tuzlanka&quot; - Shopping and entertainment","robots":{"index":"index","follow":"follow","max-snippet":"max-snippet:-1","max-image-preview":"max-image-preview:large","max-video-preview":"max-video-preview:-1"},"canonical":"https:\/\/tuzlanka.ba\/en\/mapa-centra\/","og_locale":"en_US","og_type":"article","og_title":"Mapa centra - RK &quot;Tuzlanka&quot; - Shopping i zabava","og_description":"Suteren Prizemlje I sprat II sprat III sprat IV sprat","og_url":"https:\/\/tuzlanka.ba\/en\/mapa-centra\/","og_site_name":"RK &quot;Tuzlanka&quot; - Shopping i zabava","article_publisher":"https:\/\/www.facebook.com\/RKTuzlanka\/","article_modified_time":"2025-07-18T10:34:12+00:00","og_image":[{"url":"https:\/\/tuzlanka.ba\/wp-content\/uploads\/elementor\/thumbs\/SUTEREN-izmjene-scaled-e1752834495771-r8xpnvcurv63uift8y7506cs4vjlkxkr1xtnmll340.png","type":"","width":"","height":""}],"twitter_card":"summary_large_image","twitter_site":"@RKTuzlanka","twitter_misc":{"Est. reading time":"3 minutes"},"schema":{"@context":"https:\/\/schema.org","@graph":[{"@type":"WebPage","@id":"https:\/\/tuzlanka.ba\/mapa-centra\/","url":"https:\/\/tuzlanka.ba\/mapa-centra\/","name":"Map of the center - RK &quot;Tuzlanka&quot; - Shopping and entertainment","isPartOf":{"@id":"https:\/\/tuzlanka.ba\/#website"},"primaryImageOfPage":{"@id":"https:\/\/tuzlanka.ba\/mapa-centra\/#primaryimage"},"image":{"@id":"https:\/\/tuzlanka.ba\/mapa-centra\/#primaryimage"},"thumbnailUrl":"https:\/\/tuzlanka.ba\/wp-content\/uploads\/elementor\/thumbs\/SUTEREN-izmjene-scaled-e1752834495771-r8xpnvcurv63uift8y7506cs4vjlkxkr1xtnmll340.png","datePublished":"2025-04-30T05:53:29+00:00","dateModified":"2025-07-18T10:34:12+00:00","breadcrumb":{"@id":"https:\/\/tuzlanka.ba\/mapa-centra\/#breadcrumb"},"inLanguage":"en-US","potentialAction":[{"@type":"ReadAction","target":["https:\/\/tuzlanka.ba\/mapa-centra\/"]}]},{"@type":"ImageObject","inLanguage":"en-US","@id":"https:\/\/tuzlanka.ba\/mapa-centra\/#primaryimage","url":"https:\/\/tuzlanka.ba\/wp-content\/uploads\/elementor\/thumbs\/SUTEREN-izmjene-scaled-e1752834495771-r8xpnvcurv63uift8y7506cs4vjlkxkr1xtnmll340.png","contentUrl":"https:\/\/tuzlanka.ba\/wp-content\/uploads\/elementor\/thumbs\/SUTEREN-izmjene-scaled-e1752834495771-r8xpnvcurv63uift8y7506cs4vjlkxkr1xtnmll340.png"},{"@type":"BreadcrumbList","@id":"https:\/\/tuzlanka.ba\/mapa-centra\/#breadcrumb","itemListElement":[{"@type":"ListItem","position":1,"name":"Naslovna","item":"https:\/\/tuzlanka.ba\/"},{"@type":"ListItem","position":2,"name":"Mapa centra"}]},{"@type":"WebSite","@id":"https:\/\/tuzlanka.ba\/#website","url":"https:\/\/tuzlanka.ba\/","name":"RK &quot;Tuzlanka&quot; - Shopping and entertainment","description":"With more than 70 establishments, from fashion brands and local boutiques, to restaurants, cafes, pharmacies and play areas, Tuzlanka is a place that combines past and present, tradition and modernity. Generations come with different desires, but one common need: to be part of the rhythm of the city.","publisher":{"@id":"https:\/\/tuzlanka.ba\/#organization"},"potentialAction":[{"@type":"SearchAction","target":{"@type":"EntryPoint","urlTemplate":"https:\/\/tuzlanka.ba\/?s={search_term_string}"},"query-input":{"@type":"PropertyValueSpecification","valueRequired":true,"valueName":"search_term_string"}}],"inLanguage":"en-US"},{"@type":"Organization","@id":"https:\/\/tuzlanka.ba\/#organization","name":"RK &quot;Tuzlanka&quot; - Shopping and entertainment","url":"https:\/\/tuzlanka.ba\/","logo":{"@type":"ImageObject","inLanguage":"en-US","@id":"https:\/\/tuzlanka.ba\/#\/schema\/logo\/image\/","url":"https:\/\/tuzlanka.ba\/wp-content\/uploads\/2025\/02\/favicon.png","contentUrl":"https:\/\/tuzlanka.ba\/wp-content\/uploads\/2025\/02\/favicon.png","width":512,"height":512,"caption":"RK \"Tuzlanka\" - Shopping i zabava"},"image":{"@id":"https:\/\/tuzlanka.ba\/#\/schema\/logo\/image\/"},"sameAs":["https:\/\/www.facebook.com\/RKTuzlanka\/","https:\/\/x.com\/RKTuzlanka","https:\/\/www.instagram.com\/rktuzlanka\/","https:\/\/www.youtube.com\/channel\/UCT1d4au7b02zZ8WlIzGRbSw"]}]}},"_links":{"self":[{"href":"https:\/\/tuzlanka.ba\/en\/wp-json\/wp\/v2\/pages\/1378","targetHints":{"allow":["GET"]}}],"collection":[{"href":"https:\/\/tuzlanka.ba\/en\/wp-json\/wp\/v2\/pages"}],"about":[{"href":"https:\/\/tuzlanka.ba\/en\/wp-json\/wp\/v2\/types\/page"}],"author":[{"embeddable":true,"href":"https:\/\/tuzlanka.ba\/en\/wp-json\/wp\/v2\/users\/1"}],"replies":[{"embeddable":true,"href":"https:\/\/tuzlanka.ba\/en\/wp-json\/wp\/v2\/comments?post=1378"}],"version-history":[{"count":40,"href":"https:\/\/tuzlanka.ba\/en\/wp-json\/wp\/v2\/pages\/1378\/revisions"}],"predecessor-version":[{"id":2093,"href":"https:\/\/tuzlanka.ba\/en\/wp-json\/wp\/v2\/pages\/1378\/revisions\/2093"}],"wp:attachment":[{"href":"https:\/\/tuzlanka.ba\/en\/wp-json\/wp\/v2\/media?parent=1378"}],"curies":[{"name":"wp","href":"https:\/\/api.w.org\/{rel}","templated":true}]}}